{"id":1237,"date":"2025-11-01T18:04:12","date_gmt":"2025-11-01T18:04:12","guid":{"rendered":"https:\/\/isla.salon\/?page_id=1237"},"modified":"2025-11-01T18:05:09","modified_gmt":"2025-11-01T18:05:09","slug":"politica-de-cookies","status":"publish","type":"page","link":"https:\/\/isla.salon\/en\/politica-de-cookies\/","title":{"rendered":"Cookies Policy"},"content":{"rendered":"<div class=\"wp-block-stackable-columns alignfull stk-block-columns stk-block stk-51b2b12 stk-block-background stk--has-background-overlay\" data-block-id=\"51b2b12\"><style>.stk-51b2b12 .stk--block-align-51b2b12{align-items:center !important;}.stk-51b2b12 {background-color:var(--theme-palette-color-3, #826443) !important;background-image:url(https:\/\/isla.salon\/wp-content\/uploads\/2025\/10\/6.webp) !important;background-attachment:fixed !important;background-position:center center !important;background-repeat:no-repeat !important;background-size:cover !important;padding-top:200px !important;padding-bottom:100px !important;margin-top:-100px !important;margin-bottom:0px !important;}.stk-51b2b12:before{background-color:var(--theme-palette-color-3, #826443) !important;opacity:0.5 !important;}.stk-51b2b12-column{--stk-column-gap:35px !important;row-gap:35px !important;}@media screen and (max-width:999px){.stk-51b2b12 {padding-top:250px !important;padding-bottom:150px !important;}}@media screen and (max-width:689px){.stk-51b2b12 {padding-top:150px !important;padding-bottom:100px !important;}}<\/style><div class=\"stk-row stk-inner-blocks stk--block-align-51b2b12 stk-block-content stk-content-align stk-51b2b12-column\">\n<div class=\"wp-block-stackable-column stk-block-column stk-column stk-block stk-3a43e6b\" data-v=\"4\" data-block-id=\"3a43e6b\"><style>.stk-3a43e6b-container{margin-top:0px !important;margin-right:0px !important;margin-bottom:0px !important;margin-left:0px !important;}<\/style><div class=\"stk-column-wrapper stk-block-column__content stk-container stk-3a43e6b-container stk--no-background stk--no-padding\"><div class=\"has-text-align-center-mobile stk-block-content stk-inner-blocks stk-3a43e6b-inner-blocks\">\n<div class=\"wp-block-stackable-heading stk-block-heading stk-block-heading--v2 stk-block stk-7225c59\" id=\"politica-de-cookies\" data-block-id=\"7225c59\"><style>.stk-7225c59 {margin-bottom:10px !important;}.stk-7225c59 .stk-block-heading__text{font-size:45px !important;color:var(--theme-palette-color-8, #ffffff) !important;line-height:1.3em !important;font-weight:800 !important;}@media screen and (max-width:999px){.stk-7225c59 .stk-block-heading__text{font-size:40px !important;}}@media screen and (max-width:689px){.stk-7225c59 .stk-block-heading__text{font-size:30px !important;}}<\/style><h1 class=\"stk-block-heading__text has-text-color has-text-align-center\">Cookies Policy<\/h1><\/div>\n<\/div><\/div><\/div>\n<\/div><\/div>\n\n\n\n<div class=\"wp-block-stackable-spacer stk-block-spacer stk--no-padding stk-block stk-00c8c59\" data-block-id=\"00c8c59\"><style>.stk-00c8c59 {height:100px !important;}<\/style><\/div>\n\n\n\n<p>El acceso a este sitio web puede implicar el uso de cookies. Las cookies son peque\u00f1as cantidades de informaci\u00f3n que se almacenan en el navegador utilizado por cada usuario \u2014en los diferentes dispositivos que pueda usar para navegar\u2014, de manera que el servidor recuerda cierta informaci\u00f3n que posteriormente solo ser\u00e1 le\u00edda por el servidor que la implement\u00f3.<br>Las cookies facilitan la navegaci\u00f3n, la hacen m\u00e1s amigable y no da\u00f1an el dispositivo de navegaci\u00f3n.<\/p>\n\n\n\n<p>Las cookies son procedimientos autom\u00e1ticos de recopilaci\u00f3n de informaci\u00f3n relacionada con las preferencias del usuario durante su visita al sitio web, con el fin de reconocerlo como usuario y personalizar su experiencia. Tambi\u00e9n pueden ayudar, por ejemplo, a identificar y resolver errores.<\/p>\n\n\n\n<p>La informaci\u00f3n recopilada mediante cookies puede incluir la fecha y hora de las visitas al sitio web, las p\u00e1ginas visualizadas, el tiempo de permanencia y los sitios visitados antes y despu\u00e9s del sitio web. Sin embargo, ninguna cookie permite contactar con el n\u00famero de tel\u00e9fono del usuario ni con ning\u00fan otro medio de contacto personal. Ninguna cookie puede extraer informaci\u00f3n del disco duro del usuario ni robar informaci\u00f3n personal. La \u00fanica manera en que la informaci\u00f3n privada del usuario forme parte del archivo de cookies es que el propio usuario proporcione dicha informaci\u00f3n voluntariamente al servidor.<\/p>\n\n\n\n<p>Las cookies que permiten identificar a una persona se consideran datos personales. Por tanto, ser\u00e1 de aplicaci\u00f3n la Pol\u00edtica de Privacidad descrita anteriormente. En este sentido, ser\u00e1 necesario el consentimiento del usuario para su uso, el cual se comunicar\u00e1 mediante una decisi\u00f3n afirmativa y positiva antes del tratamiento inicial, siendo este consentimiento revocable y documentado.<\/p>\n\n\n\n<h3 class=\"wp-block-heading\"><strong>Cookies propias<\/strong><\/h3>\n\n\n\n<p>Son aquellas cookies que se env\u00edan al dispositivo del usuario y son gestionadas exclusivamente por el sitio web de <strong>Isla Salon<\/strong> para el mejor funcionamiento del sitio. La informaci\u00f3n recopilada se utiliza para mejorar la calidad del contenido y la experiencia de navegaci\u00f3n. Estas cookies permiten reconocer al usuario como visitante recurrente y adaptar el contenido para ofrecer informaci\u00f3n acorde a sus preferencias.<\/p>\n\n\n\n<h3 class=\"wp-block-heading\"><strong>Cookies de redes sociales<\/strong><\/h3>\n\n\n\n<p>El sitio web de <strong>Isla Salon<\/strong> incorpora complementos de redes sociales, que permiten acceder a ellas desde el propio sitio web. Por esta raz\u00f3n, es posible que se almacenen cookies de redes sociales en el navegador del usuario.<br>Los titulares de estas redes sociales tienen sus propias pol\u00edticas de protecci\u00f3n de datos y de cookies, siendo ellos mismos los responsables de sus archivos y pr\u00e1cticas de privacidad. El usuario debe consultarlas para conocer la informaci\u00f3n sobre dichas cookies y, en su caso, el tratamiento de sus datos personales.<\/p>\n\n\n\n<p>A modo informativo, los enlaces donde puede consultar estas pol\u00edticas son los siguientes:<\/p>\n\n\n\n<ul class=\"wp-block-list\">\n<li><strong>Facebook:<\/strong> <a href=\"https:\/\/www.facebook.com\/policies\/cookies\/\">https:\/\/www.facebook.com\/policies\/cookies\/<\/a><\/li>\n\n\n\n<li><strong>Twitter:<\/strong> <a href=\"https:\/\/twitter.com\/es\/privacy\">https:\/\/twitter.com\/es\/privacy<\/a><\/li>\n\n\n\n<li><strong>Instagram:<\/strong> <a href=\"https:\/\/help.instagram.com\/1896641480634370?ref=ig\">https:\/\/help.instagram.com\/1896641480634370?ref=ig<\/a><\/li>\n\n\n\n<li><strong>YouTube:<\/strong> <a href=\"https:\/\/policies.google.com\/privacy?hl=es-419&amp;gl=mx\">https:\/\/policies.google.com\/privacy?hl=es-419&amp;gl=mx<\/a><\/li>\n\n\n\n<li><strong>Pinterest:<\/strong> <a href=\"https:\/\/policy.pinterest.com\/es\/privacy-policy\">https:\/\/policy.pinterest.com\/es\/privacy-policy<\/a><\/li>\n\n\n\n<li><strong>LinkedIn:<\/strong> <a href=\"https:\/\/www.linkedin.com\/legal\/cookie-policy?trk=hp-cookies\">https:\/\/www.linkedin.com\/legal\/cookie-policy?trk=hp-cookies<\/a><\/li>\n<\/ul>\n\n\n\n<h3 class=\"wp-block-heading\"><strong>Desactivar, rechazar y eliminar cookies<\/strong><\/h3>\n\n\n\n<p>El usuario puede desactivar, rechazar y eliminar las cookies \u2014total o parcialmente\u2014 instaladas en su dispositivo mediante la configuraci\u00f3n de su navegador (por ejemplo, Chrome, Firefox, Safari o Edge).<br>Los procedimientos para rechazar y eliminar cookies pueden variar seg\u00fan el navegador utilizado, por lo que el usuario debe seguir las instrucciones espec\u00edficas del navegador que emplee.<\/p>\n\n\n\n<p>En caso de que el usuario rechace el uso de cookies, podr\u00e1 continuar utilizando el sitio web, aunque algunas de sus funciones podr\u00edan verse limitadas.<\/p>","protected":false},"excerpt":{"rendered":"<p>Pol\u00edtica de Cookies El acceso a este sitio web puede implicar el uso de cookies. Las cookies son peque\u00f1as cantidades de informaci\u00f3n que se almacenan en el navegador utilizado por cada usuario \u2014en los diferentes dispositivos que pueda usar para navegar\u2014, de manera que el servidor recuerda cierta informaci\u00f3n que posteriormente solo ser\u00e1 le\u00edda por [&hellip;]<\/p>\n","protected":false},"author":2,"featured_media":0,"parent":0,"menu_order":0,"comment_status":"closed","ping_status":"closed","template":"","meta":{"footnotes":""},"class_list":["post-1237","page","type-page","status-publish","hentry"],"blocksy_meta":{"has_hero_section":"disabled","styles_descriptor":{"styles":{"desktop":"","tablet":"","mobile":""},"google_fonts":[],"version":6}},"yoast_head":"<!-- This site is optimized with the Yoast SEO plugin v27.0 - https:\/\/yoast.com\/product\/yoast-seo-wordpress\/ -->\n<title>Pol\u00edtica de Cookies - ISLA Salon<\/title>\n<meta name=\"robots\" content=\"noindex, nofollow\" \/>\n<meta property=\"og:locale\" content=\"en_US\" \/>\n<meta property=\"og:type\" content=\"article\" \/>\n<meta property=\"og:title\" content=\"Pol\u00edtica de Cookies - ISLA Salon\" \/>\n<meta property=\"og:description\" content=\"Pol\u00edtica de Cookies El acceso a este sitio web puede implicar el uso de cookies. Las cookies son peque\u00f1as cantidades de informaci\u00f3n que se almacenan en el navegador utilizado por cada usuario \u2014en los diferentes dispositivos que pueda usar para navegar\u2014, de manera que el servidor recuerda cierta informaci\u00f3n que posteriormente solo ser\u00e1 le\u00edda por [&hellip;]\" \/>\n<meta property=\"og:url\" content=\"https:\/\/isla.salon\/en\/politica-de-cookies\/\" \/>\n<meta property=\"og:site_name\" content=\"ISLA Salon\" \/>\n<meta property=\"article:modified_time\" content=\"2025-11-01T18:05:09+00:00\" \/>\n<meta name=\"twitter:card\" content=\"summary_large_image\" \/>\n<meta name=\"twitter:label1\" content=\"Est. reading time\" \/>\n\t<meta name=\"twitter:data1\" content=\"3 minutes\" \/>\n<script type=\"application\/ld+json\" class=\"yoast-schema-graph\">{\"@context\":\"https:\/\/schema.org\",\"@graph\":[{\"@type\":\"WebPage\",\"@id\":\"https:\/\/isla.salon\/politica-de-cookies\/\",\"url\":\"https:\/\/isla.salon\/politica-de-cookies\/\",\"name\":\"Pol\u00edtica de Cookies - ISLA Salon\",\"isPartOf\":{\"@id\":\"https:\/\/isla.salon\/#website\"},\"datePublished\":\"2025-11-01T18:04:12+00:00\",\"dateModified\":\"2025-11-01T18:05:09+00:00\",\"breadcrumb\":{\"@id\":\"https:\/\/isla.salon\/politica-de-cookies\/#breadcrumb\"},\"inLanguage\":\"en-US\",\"potentialAction\":[{\"@type\":\"ReadAction\",\"target\":[\"https:\/\/isla.salon\/politica-de-cookies\/\"]}]},{\"@type\":\"BreadcrumbList\",\"@id\":\"https:\/\/isla.salon\/politica-de-cookies\/#breadcrumb\",\"itemListElement\":[{\"@type\":\"ListItem\",\"position\":1,\"name\":\"Home\",\"item\":\"https:\/\/isla.salon\/\"},{\"@type\":\"ListItem\",\"position\":2,\"name\":\"Pol\u00edtica de Cookies\"}]},{\"@type\":\"WebSite\",\"@id\":\"https:\/\/isla.salon\/#website\",\"url\":\"https:\/\/isla.salon\/\",\"name\":\"ISLA Salon\",\"description\":\"Isabella Ladera Beauty Salon\",\"publisher\":{\"@id\":\"https:\/\/isla.salon\/#organization\"},\"potentialAction\":[{\"@type\":\"SearchAction\",\"target\":{\"@type\":\"EntryPoint\",\"urlTemplate\":\"https:\/\/isla.salon\/?s={search_term_string}\"},\"query-input\":{\"@type\":\"PropertyValueSpecification\",\"valueRequired\":true,\"valueName\":\"search_term_string\"}}],\"inLanguage\":\"en-US\"},{\"@type\":\"Organization\",\"@id\":\"https:\/\/isla.salon\/#organization\",\"name\":\"ISLA Salon\",\"url\":\"https:\/\/isla.salon\/\",\"logo\":{\"@type\":\"ImageObject\",\"inLanguage\":\"en-US\",\"@id\":\"https:\/\/isla.salon\/#\/schema\/logo\/image\/\",\"url\":\"https:\/\/isla.salon\/wp-content\/uploads\/2025\/10\/Logotipo4.png\",\"contentUrl\":\"https:\/\/isla.salon\/wp-content\/uploads\/2025\/10\/Logotipo4.png\",\"width\":1907,\"height\":454,\"caption\":\"ISLA Salon\"},\"image\":{\"@id\":\"https:\/\/isla.salon\/#\/schema\/logo\/image\/\"}}]}<\/script>\n<!-- \/ Yoast SEO plugin. -->","yoast_head_json":{"title":"Pol\u00edtica de Cookies - ISLA Salon","robots":{"index":"noindex","follow":"nofollow"},"og_locale":"en_US","og_type":"article","og_title":"Pol\u00edtica de Cookies - ISLA Salon","og_description":"Pol\u00edtica de Cookies El acceso a este sitio web puede implicar el uso de cookies. Las cookies son peque\u00f1as cantidades de informaci\u00f3n que se almacenan en el navegador utilizado por cada usuario \u2014en los diferentes dispositivos que pueda usar para navegar\u2014, de manera que el servidor recuerda cierta informaci\u00f3n que posteriormente solo ser\u00e1 le\u00edda por [&hellip;]","og_url":"https:\/\/isla.salon\/en\/politica-de-cookies\/","og_site_name":"ISLA Salon","article_modified_time":"2025-11-01T18:05:09+00:00","twitter_card":"summary_large_image","twitter_misc":{"Est. reading time":"3 minutes"},"schema":{"@context":"https:\/\/schema.org","@graph":[{"@type":"WebPage","@id":"https:\/\/isla.salon\/politica-de-cookies\/","url":"https:\/\/isla.salon\/politica-de-cookies\/","name":"Pol\u00edtica de Cookies - ISLA Salon","isPartOf":{"@id":"https:\/\/isla.salon\/#website"},"datePublished":"2025-11-01T18:04:12+00:00","dateModified":"2025-11-01T18:05:09+00:00","breadcrumb":{"@id":"https:\/\/isla.salon\/politica-de-cookies\/#breadcrumb"},"inLanguage":"en-US","potentialAction":[{"@type":"ReadAction","target":["https:\/\/isla.salon\/politica-de-cookies\/"]}]},{"@type":"BreadcrumbList","@id":"https:\/\/isla.salon\/politica-de-cookies\/#breadcrumb","itemListElement":[{"@type":"ListItem","position":1,"name":"Home","item":"https:\/\/isla.salon\/"},{"@type":"ListItem","position":2,"name":"Pol\u00edtica de Cookies"}]},{"@type":"WebSite","@id":"https:\/\/isla.salon\/#website","url":"https:\/\/isla.salon\/","name":"ISLA Salon","description":"Isabella Ladera Beauty Salon","publisher":{"@id":"https:\/\/isla.salon\/#organization"},"potentialAction":[{"@type":"SearchAction","target":{"@type":"EntryPoint","urlTemplate":"https:\/\/isla.salon\/?s={search_term_string}"},"query-input":{"@type":"PropertyValueSpecification","valueRequired":true,"valueName":"search_term_string"}}],"inLanguage":"en-US"},{"@type":"Organization","@id":"https:\/\/isla.salon\/#organization","name":"ISLA Salon","url":"https:\/\/isla.salon\/","logo":{"@type":"ImageObject","inLanguage":"en-US","@id":"https:\/\/isla.salon\/#\/schema\/logo\/image\/","url":"https:\/\/isla.salon\/wp-content\/uploads\/2025\/10\/Logotipo4.png","contentUrl":"https:\/\/isla.salon\/wp-content\/uploads\/2025\/10\/Logotipo4.png","width":1907,"height":454,"caption":"ISLA Salon"},"image":{"@id":"https:\/\/isla.salon\/#\/schema\/logo\/image\/"}}]}},"_links":{"self":[{"href":"https:\/\/isla.salon\/en\/wp-json\/wp\/v2\/pages\/1237","targetHints":{"allow":["GET"]}}],"collection":[{"href":"https:\/\/isla.salon\/en\/wp-json\/wp\/v2\/pages"}],"about":[{"href":"https:\/\/isla.salon\/en\/wp-json\/wp\/v2\/types\/page"}],"author":[{"embeddable":true,"href":"https:\/\/isla.salon\/en\/wp-json\/wp\/v2\/users\/2"}],"replies":[{"embeddable":true,"href":"https:\/\/isla.salon\/en\/wp-json\/wp\/v2\/comments?post=1237"}],"version-history":[{"count":2,"href":"https:\/\/isla.salon\/en\/wp-json\/wp\/v2\/pages\/1237\/revisions"}],"predecessor-version":[{"id":1239,"href":"https:\/\/isla.salon\/en\/wp-json\/wp\/v2\/pages\/1237\/revisions\/1239"}],"wp:attachment":[{"href":"https:\/\/isla.salon\/en\/wp-json\/wp\/v2\/media?parent=1237"}],"curies":[{"name":"wp","href":"https:\/\/api.w.org\/{rel}","templated":true}]}}