{"id":1240,"date":"2025-11-01T18:10:21","date_gmt":"2025-11-01T18:10:21","guid":{"rendered":"https:\/\/isla.salon\/?page_id=1240"},"modified":"2025-11-01T18:10:23","modified_gmt":"2025-11-01T18:10:23","slug":"aviso-legal","status":"publish","type":"page","link":"https:\/\/isla.salon\/en\/aviso-legal\/","title":{"rendered":"Legal Notice"},"content":{"rendered":"<div class=\"wp-block-stackable-columns alignfull stk-block-columns stk-block stk-51b2b12 stk-block-background stk--has-background-overlay\" data-block-id=\"51b2b12\"><style>.stk-51b2b12 .stk--block-align-51b2b12{align-items:center !important;}.stk-51b2b12 {background-color:var(--theme-palette-color-3, #826443) !important;background-image:url(https:\/\/isla.salon\/wp-content\/uploads\/2025\/10\/6.webp) !important;background-attachment:fixed !important;background-position:center center !important;background-repeat:no-repeat !important;background-size:cover !important;padding-top:200px !important;padding-bottom:100px !important;margin-top:-100px !important;margin-bottom:0px !important;}.stk-51b2b12:before{background-color:var(--theme-palette-color-3, #826443) !important;opacity:0.5 !important;}.stk-51b2b12-column{--stk-column-gap:35px !important;row-gap:35px !important;}@media screen and (max-width:999px){.stk-51b2b12 {padding-top:250px !important;padding-bottom:150px !important;}}@media screen and (max-width:689px){.stk-51b2b12 {padding-top:150px !important;padding-bottom:100px !important;}}<\/style><div class=\"stk-row stk-inner-blocks stk--block-align-51b2b12 stk-block-content stk-content-align stk-51b2b12-column\">\n<div class=\"wp-block-stackable-column stk-block-column stk-column stk-block stk-3a43e6b\" data-v=\"4\" data-block-id=\"3a43e6b\"><style>.stk-3a43e6b-container{margin-top:0px !important;margin-right:0px !important;margin-bottom:0px !important;margin-left:0px !important;}<\/style><div class=\"stk-column-wrapper stk-block-column__content stk-container stk-3a43e6b-container stk--no-background stk--no-padding\"><div class=\"has-text-align-center-mobile stk-block-content stk-inner-blocks stk-3a43e6b-inner-blocks\">\n<div class=\"wp-block-stackable-heading stk-block-heading stk-block-heading--v2 stk-block stk-7225c59\" id=\"aviso-legal\" data-block-id=\"7225c59\"><style>.stk-7225c59 {margin-bottom:10px !important;}.stk-7225c59 .stk-block-heading__text{font-size:45px !important;color:var(--theme-palette-color-8, #ffffff) !important;line-height:1.3em !important;font-weight:800 !important;}@media screen and (max-width:999px){.stk-7225c59 .stk-block-heading__text{font-size:40px !important;}}@media screen and (max-width:689px){.stk-7225c59 .stk-block-heading__text{font-size:30px !important;}}<\/style><h1 class=\"stk-block-heading__text has-text-color has-text-align-center\">Legal Notice<\/h1><\/div>\n<\/div><\/div><\/div>\n<\/div><\/div>\n\n\n\n<div class=\"wp-block-stackable-spacer stk-block-spacer stk--no-padding stk-block stk-00c8c59\" data-block-id=\"00c8c59\"><style>.stk-00c8c59 {height:100px !important;}<\/style><\/div>\n\n\n\n<p><strong>I. INFORMACI\u00d3N GENERAL<\/strong><\/p>\n\n\n\n<p>En cumplimiento con el deber de informaci\u00f3n establecido en la Ley 34\/2002, de 11 de julio, de Servicios de la Sociedad de la Informaci\u00f3n y de Comercio Electr\u00f3nico (LSSI-CE), se facilitan a continuaci\u00f3n los datos generales de este sitio web:<\/p>\n\n\n\n<p>La titularidad del sitio web <strong><a href=\"https:\/\/isla.salon\/en\/\">www.isla.salon<\/a><\/strong> (en adelante, el \u201cSitio Web\u201d) pertenece a <strong>Isla Salon<\/strong>, cuyos datos de contacto son los siguientes:<\/p>\n\n\n\n<p><strong>Direcci\u00f3n:<\/strong> 1425 Ponce de Leon, Coral Gables, FL 33134<br><strong>Tel\u00e9fono de contacto:<\/strong> <a href=\"tel:786-858-9098\">+1 (786) 858-9098<\/a><br><strong>Correo electr\u00f3nico:<\/strong> <a>info@isla.salon<\/a><\/p>\n\n\n\n<h4 class=\"wp-block-heading\"><strong>II. CONDICIONES GENERALES DE USO<\/strong><\/h4>\n\n\n\n<p><strong>Objeto de las Condiciones:<\/strong> El Sitio Web<br>El presente Aviso Legal regula el acceso, navegaci\u00f3n y uso del Sitio Web. A los efectos de estas Condiciones, se entender\u00e1 por Sitio Web la apariencia externa de las interfaces de pantalla, tanto de forma est\u00e1tica como din\u00e1mica, as\u00ed como todos los elementos integrados en dichas interfaces (en adelante, el \u201cContenido\u201d) y los servicios o recursos en l\u00ednea que se ofrecen a los usuarios (en adelante, los \u201cServicios\u201d).<\/p>\n\n\n\n<p><strong>Isla Salon<\/strong> se reserva el derecho a modificar, en cualquier momento y sin previo aviso, la presentaci\u00f3n y configuraci\u00f3n del Sitio Web, as\u00ed como los Contenidos y Servicios que puedan incorporarse en el mismo. El Usuario reconoce y acepta que en cualquier momento <strong>Isla Salon<\/strong> puede interrumpir, desactivar o cancelar cualquiera de los elementos del Sitio Web o el acceso a los mismos.<\/p>\n\n\n\n<p>El acceso al Sitio Web por parte del Usuario es libre y gratuito, sin perjuicio del coste derivado de la conexi\u00f3n a trav\u00e9s de la red de telecomunicaciones que proporcione el proveedor de acceso contratado por el Usuario.<\/p>\n\n\n\n<p>El uso de determinados Contenidos o Servicios podr\u00e1 requerir suscripci\u00f3n o registro previo por parte del Usuario.<\/p>\n\n\n\n<h4 class=\"wp-block-heading\"><strong>El Usuario<\/strong><\/h4>\n\n\n\n<p>El acceso, la navegaci\u00f3n y el uso del Sitio Web, as\u00ed como la participaci\u00f3n en los espacios interactivos habilitados entre Usuarios y <strong>Isla Salon<\/strong> (como formularios o \u00e1reas de comentarios), confiere la condici\u00f3n de Usuario. Desde ese momento, el Usuario acepta plenamente las Condiciones aqu\u00ed establecidas y sus posteriores modificaciones, sin perjuicio de la aplicaci\u00f3n de la normativa legal de obligado cumplimiento que resulte aplicable.<\/p>\n\n\n\n<p>El Usuario se compromete a hacer un uso adecuado y l\u00edcito del Sitio Web, as\u00ed como de los Contenidos y Servicios ofrecidos. Esta responsabilidad se extiende a:<\/p>\n\n\n\n<ul class=\"wp-block-list\">\n<li>No realizar actividades il\u00edcitas o contrarias a la buena fe y al orden p\u00fablico.<\/li>\n\n\n\n<li>No difundir contenidos o propaganda de car\u00e1cter racista, xen\u00f3fobo, pornogr\u00e1fico, ilegal, de apolog\u00eda del terrorismo o atentatorio contra los derechos humanos.<\/li>\n\n\n\n<li>No provocar da\u00f1os en los sistemas f\u00edsicos y l\u00f3gicos de <strong>Isla Salon<\/strong>, de sus proveedores o de terceras personas, ni introducir o difundir virus inform\u00e1ticos o cualquier otro sistema susceptible de provocar da\u00f1os.<\/li>\n<\/ul>\n\n\n\n<p>El Usuario ser\u00e1 responsable de la veracidad y legalidad de los datos proporcionados en los formularios de contacto o suscripci\u00f3n. En caso de detectar un uso indebido de dicha informaci\u00f3n (como robo, p\u00e9rdida o acceso no autorizado), deber\u00e1 notificarlo de inmediato a <strong>Isla Salon<\/strong>.<\/p>\n\n\n\n<p><strong>Isla Salon<\/strong> se reserva el derecho a retirar todos aquellos comentarios o aportaciones que vulneren la ley, la dignidad de la persona, o sean discriminatorios, racistas, pornogr\u00e1ficos, de spam, o que en su opini\u00f3n no resulten adecuados para su publicaci\u00f3n.<\/p>\n\n\n\n<p>El mero acceso a este Sitio Web no implica establecer relaci\u00f3n comercial alguna entre <strong>Isla Salon<\/strong> y el Usuario.<\/p>\n\n\n\n<p>El Usuario declara ser mayor de edad y tener capacidad legal suficiente para aceptar las presentes Condiciones. Este Sitio Web no est\u00e1 dirigido a menores de edad, por lo que <strong>Isla Salon<\/strong> declina cualquier responsabilidad derivada del incumplimiento de este requisito.<\/p>\n\n\n\n<p>El Sitio Web est\u00e1 dirigido principalmente a usuarios residentes en los Estados Unidos de Am\u00e9rica. <strong>Isla Salon<\/strong> no garantiza que el Sitio cumpla con las legislaciones de otros pa\u00edses. Si el Usuario accede desde otra jurisdicci\u00f3n, lo har\u00e1 bajo su propia responsabilidad y deber\u00e1 asegurarse de que dicho acceso cumple con la legislaci\u00f3n aplicable en su pa\u00eds.<\/p>\n\n\n\n<h4 class=\"wp-block-heading\"><strong>III. ACCESO Y NAVEGACI\u00d3N EN EL SITIO WEB: EXCLUSI\u00d3N DE GARANT\u00cdAS Y RESPONSABILIDAD<\/strong><\/h4>\n\n\n\n<p><strong>Isla Salon<\/strong> no garantiza la continuidad, disponibilidad o utilidad del Sitio Web, sus Contenidos o Servicios. Aunque se har\u00e1n todos los esfuerzos posibles para garantizar su correcto funcionamiento, no se responsabiliza de los posibles errores, interrupciones o fallos t\u00e9cnicos que pudieran producirse durante el acceso o navegaci\u00f3n.<\/p>\n\n\n\n<p>Tampoco garantiza que los contenidos o software accesibles est\u00e9n libres de virus u otros elementos que puedan causar da\u00f1os en el sistema inform\u00e1tico del Usuario. <strong>Isla Salon<\/strong> no ser\u00e1 responsable en ning\u00fan caso por p\u00e9rdidas o da\u00f1os derivados del uso o acceso al Sitio Web, incluyendo da\u00f1os a equipos inform\u00e1ticos o introducci\u00f3n de malware.<\/p>\n\n\n\n<p>Asimismo, <strong>Isla Salon<\/strong> no ser\u00e1 responsable de los da\u00f1os ocasionados por un uso inadecuado del Sitio Web ni por fallos o interrupciones en las telecomunicaciones.<\/p>\n\n\n\n<h4 class=\"wp-block-heading\"><strong>IV. POL\u00cdTICA DE ENLACES<\/strong><\/h4>\n\n\n\n<p><strong>Isla Salon<\/strong> podr\u00e1 poner a disposici\u00f3n de los Usuarios medios de enlace (links, banners, botones, etc.) que permitan el acceso a sitios web de terceros. La instalaci\u00f3n de estos enlaces tiene como \u00fanico objetivo facilitar el acceso a informaci\u00f3n disponible en Internet.<\/p>\n\n\n\n<p><strong>Isla Salon<\/strong> no comercializa ni ofrece los productos o servicios disponibles en los sitios enlazados, ni garantiza la disponibilidad, exactitud, legalidad o calidad de dichos sitios. Tampoco revisa ni controla los contenidos de las p\u00e1ginas de terceros, ni aprueba los productos o servicios que se ofrezcan en ellas.<\/p>\n\n\n\n<p>El Usuario o tercero que desee establecer un hiperv\u00ednculo desde una p\u00e1gina externa hacia el sitio web de <strong>Isla Salon<\/strong> deber\u00e1 cumplir las siguientes condiciones:<\/p>\n\n\n\n<ul class=\"wp-block-list\">\n<li>No se permite la reproducci\u00f3n total o parcial de ning\u00fan Contenido o Servicio sin autorizaci\u00f3n expresa.<\/li>\n\n\n\n<li>No se permite realizar declaraciones falsas, inexactas o incorrectas sobre <strong>Isla Salon<\/strong> o su Sitio Web.<\/li>\n\n\n\n<li>La p\u00e1gina en la que se establezca el enlace no podr\u00e1 contener elementos protegidos por derechos de propiedad intelectual de <strong>Isla Salon<\/strong>, salvo autorizaci\u00f3n expresa.<\/li>\n\n\n\n<li>El establecimiento del enlace no implicar\u00e1 relaci\u00f3n comercial o contractual alguna entre <strong>Isla Salon<\/strong> y el titular del sitio desde el cual se realice.<\/li>\n<\/ul>\n\n\n\n<h4 class=\"wp-block-heading\"><strong>V. PROPIEDAD INTELECTUAL E INDUSTRIAL<\/strong><\/h4>\n\n\n\n<p><strong>Isla Salon<\/strong> es titular o cesionaria de todos los derechos de propiedad intelectual e industrial del Sitio Web y de los elementos que lo componen (por ejemplo: im\u00e1genes, textos, v\u00eddeos, marcas, logotipos, dise\u00f1o, estructura, c\u00f3digo fuente, etc.).<br>Queda expresamente prohibida la reproducci\u00f3n, distribuci\u00f3n, comunicaci\u00f3n p\u00fablica o cualquier uso con fines comerciales de los contenidos de este sitio web sin la autorizaci\u00f3n previa y por escrito de <strong>Isla Salon<\/strong>.<\/p>\n\n\n\n<p>El Usuario se compromete a respetar los derechos de propiedad intelectual e industrial de <strong>Isla Salon<\/strong>. Podr\u00e1 visualizar, imprimir o almacenar elementos del Sitio Web \u00fanicamente para su uso personal y privado, pero no podr\u00e1 suprimir, alterar o manipular cualquier dispositivo de protecci\u00f3n o sistema de seguridad instalado.<\/p>\n\n\n\n<p>En caso de que el Usuario o un tercero considere que alguno de los Contenidos del Sitio Web vulnera derechos de propiedad intelectual, deber\u00e1 comunicarlo inmediatamente a <strong>Isla Salon<\/strong> mediante los datos de contacto indicados en el apartado de <strong>Informaci\u00f3n General<\/strong>.<\/p>\n\n\n\n<h4 class=\"wp-block-heading\"><strong>VI. ACCIONES LEGALES, LEGISLACI\u00d3N APLICABLE Y JURISDICCI\u00d3N<\/strong><\/h4>\n\n\n\n<p><strong>Isla Salon<\/strong> se reserva el derecho a emprender las acciones civiles o penales que considere necesarias ante el uso indebido del Sitio Web, de sus Contenidos o del incumplimiento de las presentes Condiciones.<\/p>\n\n\n\n<p>La relaci\u00f3n entre el Usuario y <strong>Isla Salon<\/strong> se regir\u00e1 por la normativa vigente en los Estados Unidos de Am\u00e9rica. En caso de conflicto o controversia en la interpretaci\u00f3n o aplicaci\u00f3n de estas Condiciones, ambas partes se someter\u00e1n a los tribunales competentes conforme a la legislaci\u00f3n aplicable.<\/p>","protected":false},"excerpt":{"rendered":"<p>Aviso Legal I. INFORMACI\u00d3N GENERAL En cumplimiento con el deber de informaci\u00f3n establecido en la Ley 34\/2002, de 11 de julio, de Servicios de la Sociedad de la Informaci\u00f3n y de Comercio Electr\u00f3nico (LSSI-CE), se facilitan a continuaci\u00f3n los datos generales de este sitio web: La titularidad del sitio web www.isla.salon (en adelante, el \u201cSitio [&hellip;]<\/p>\n","protected":false},"author":2,"featured_media":0,"parent":0,"menu_order":0,"comment_status":"closed","ping_status":"closed","template":"","meta":{"footnotes":""},"class_list":["post-1240","page","type-page","status-publish","hentry"],"blocksy_meta":{"has_hero_section":"disabled","styles_descriptor":{"styles":{"desktop":"","tablet":"","mobile":""},"google_fonts":[],"version":6}},"yoast_head":"<!-- This site is optimized with the Yoast SEO plugin v27.0 - https:\/\/yoast.com\/product\/yoast-seo-wordpress\/ -->\n<title>Aviso Legal - ISLA Salon<\/title>\n<meta name=\"robots\" content=\"noindex, follow\" \/>\n<meta property=\"og:locale\" content=\"en_US\" \/>\n<meta property=\"og:type\" content=\"article\" \/>\n<meta property=\"og:title\" content=\"Aviso Legal - ISLA Salon\" \/>\n<meta property=\"og:description\" content=\"Aviso Legal I. INFORMACI\u00d3N GENERAL En cumplimiento con el deber de informaci\u00f3n establecido en la Ley 34\/2002, de 11 de julio, de Servicios de la Sociedad de la Informaci\u00f3n y de Comercio Electr\u00f3nico (LSSI-CE), se facilitan a continuaci\u00f3n los datos generales de este sitio web: La titularidad del sitio web www.isla.salon (en adelante, el \u201cSitio [&hellip;]\" \/>\n<meta property=\"og:url\" content=\"https:\/\/isla.salon\/en\/aviso-legal\/\" \/>\n<meta property=\"og:site_name\" content=\"ISLA Salon\" \/>\n<meta property=\"article:modified_time\" content=\"2025-11-01T18:10:23+00:00\" \/>\n<meta name=\"twitter:card\" content=\"summary_large_image\" \/>\n<meta name=\"twitter:label1\" content=\"Est. reading time\" \/>\n\t<meta name=\"twitter:data1\" content=\"6 minutes\" \/>\n<script type=\"application\/ld+json\" class=\"yoast-schema-graph\">{\"@context\":\"https:\/\/schema.org\",\"@graph\":[{\"@type\":\"WebPage\",\"@id\":\"https:\/\/isla.salon\/aviso-legal\/\",\"url\":\"https:\/\/isla.salon\/aviso-legal\/\",\"name\":\"Aviso Legal - ISLA Salon\",\"isPartOf\":{\"@id\":\"https:\/\/isla.salon\/#website\"},\"datePublished\":\"2025-11-01T18:10:21+00:00\",\"dateModified\":\"2025-11-01T18:10:23+00:00\",\"breadcrumb\":{\"@id\":\"https:\/\/isla.salon\/aviso-legal\/#breadcrumb\"},\"inLanguage\":\"en-US\",\"potentialAction\":[{\"@type\":\"ReadAction\",\"target\":[\"https:\/\/isla.salon\/aviso-legal\/\"]}]},{\"@type\":\"BreadcrumbList\",\"@id\":\"https:\/\/isla.salon\/aviso-legal\/#breadcrumb\",\"itemListElement\":[{\"@type\":\"ListItem\",\"position\":1,\"name\":\"Home\",\"item\":\"https:\/\/isla.salon\/\"},{\"@type\":\"ListItem\",\"position\":2,\"name\":\"Aviso Legal\"}]},{\"@type\":\"WebSite\",\"@id\":\"https:\/\/isla.salon\/#website\",\"url\":\"https:\/\/isla.salon\/\",\"name\":\"ISLA Salon\",\"description\":\"Isabella Ladera Beauty Salon\",\"publisher\":{\"@id\":\"https:\/\/isla.salon\/#organization\"},\"potentialAction\":[{\"@type\":\"SearchAction\",\"target\":{\"@type\":\"EntryPoint\",\"urlTemplate\":\"https:\/\/isla.salon\/?s={search_term_string}\"},\"query-input\":{\"@type\":\"PropertyValueSpecification\",\"valueRequired\":true,\"valueName\":\"search_term_string\"}}],\"inLanguage\":\"en-US\"},{\"@type\":\"Organization\",\"@id\":\"https:\/\/isla.salon\/#organization\",\"name\":\"ISLA Salon\",\"url\":\"https:\/\/isla.salon\/\",\"logo\":{\"@type\":\"ImageObject\",\"inLanguage\":\"en-US\",\"@id\":\"https:\/\/isla.salon\/#\/schema\/logo\/image\/\",\"url\":\"https:\/\/isla.salon\/wp-content\/uploads\/2025\/10\/Logotipo4.png\",\"contentUrl\":\"https:\/\/isla.salon\/wp-content\/uploads\/2025\/10\/Logotipo4.png\",\"width\":1907,\"height\":454,\"caption\":\"ISLA Salon\"},\"image\":{\"@id\":\"https:\/\/isla.salon\/#\/schema\/logo\/image\/\"}}]}<\/script>\n<!-- \/ Yoast SEO plugin. -->","yoast_head_json":{"title":"Aviso Legal - ISLA Salon","robots":{"index":"noindex","follow":"follow"},"og_locale":"en_US","og_type":"article","og_title":"Aviso Legal - ISLA Salon","og_description":"Aviso Legal I. INFORMACI\u00d3N GENERAL En cumplimiento con el deber de informaci\u00f3n establecido en la Ley 34\/2002, de 11 de julio, de Servicios de la Sociedad de la Informaci\u00f3n y de Comercio Electr\u00f3nico (LSSI-CE), se facilitan a continuaci\u00f3n los datos generales de este sitio web: La titularidad del sitio web www.isla.salon (en adelante, el \u201cSitio [&hellip;]","og_url":"https:\/\/isla.salon\/en\/aviso-legal\/","og_site_name":"ISLA Salon","article_modified_time":"2025-11-01T18:10:23+00:00","twitter_card":"summary_large_image","twitter_misc":{"Est. reading time":"6 minutes"},"schema":{"@context":"https:\/\/schema.org","@graph":[{"@type":"WebPage","@id":"https:\/\/isla.salon\/aviso-legal\/","url":"https:\/\/isla.salon\/aviso-legal\/","name":"Aviso Legal - ISLA Salon","isPartOf":{"@id":"https:\/\/isla.salon\/#website"},"datePublished":"2025-11-01T18:10:21+00:00","dateModified":"2025-11-01T18:10:23+00:00","breadcrumb":{"@id":"https:\/\/isla.salon\/aviso-legal\/#breadcrumb"},"inLanguage":"en-US","potentialAction":[{"@type":"ReadAction","target":["https:\/\/isla.salon\/aviso-legal\/"]}]},{"@type":"BreadcrumbList","@id":"https:\/\/isla.salon\/aviso-legal\/#breadcrumb","itemListElement":[{"@type":"ListItem","position":1,"name":"Home","item":"https:\/\/isla.salon\/"},{"@type":"ListItem","position":2,"name":"Aviso Legal"}]},{"@type":"WebSite","@id":"https:\/\/isla.salon\/#website","url":"https:\/\/isla.salon\/","name":"ISLA Salon","description":"Isabella Ladera Beauty Salon","publisher":{"@id":"https:\/\/isla.salon\/#organization"},"potentialAction":[{"@type":"SearchAction","target":{"@type":"EntryPoint","urlTemplate":"https:\/\/isla.salon\/?s={search_term_string}"},"query-input":{"@type":"PropertyValueSpecification","valueRequired":true,"valueName":"search_term_string"}}],"inLanguage":"en-US"},{"@type":"Organization","@id":"https:\/\/isla.salon\/#organization","name":"ISLA Salon","url":"https:\/\/isla.salon\/","logo":{"@type":"ImageObject","inLanguage":"en-US","@id":"https:\/\/isla.salon\/#\/schema\/logo\/image\/","url":"https:\/\/isla.salon\/wp-content\/uploads\/2025\/10\/Logotipo4.png","contentUrl":"https:\/\/isla.salon\/wp-content\/uploads\/2025\/10\/Logotipo4.png","width":1907,"height":454,"caption":"ISLA Salon"},"image":{"@id":"https:\/\/isla.salon\/#\/schema\/logo\/image\/"}}]}},"_links":{"self":[{"href":"https:\/\/isla.salon\/en\/wp-json\/wp\/v2\/pages\/1240","targetHints":{"allow":["GET"]}}],"collection":[{"href":"https:\/\/isla.salon\/en\/wp-json\/wp\/v2\/pages"}],"about":[{"href":"https:\/\/isla.salon\/en\/wp-json\/wp\/v2\/types\/page"}],"author":[{"embeddable":true,"href":"https:\/\/isla.salon\/en\/wp-json\/wp\/v2\/users\/2"}],"replies":[{"embeddable":true,"href":"https:\/\/isla.salon\/en\/wp-json\/wp\/v2\/comments?post=1240"}],"version-history":[{"count":3,"href":"https:\/\/isla.salon\/en\/wp-json\/wp\/v2\/pages\/1240\/revisions"}],"predecessor-version":[{"id":1243,"href":"https:\/\/isla.salon\/en\/wp-json\/wp\/v2\/pages\/1240\/revisions\/1243"}],"wp:attachment":[{"href":"https:\/\/isla.salon\/en\/wp-json\/wp\/v2\/media?parent=1240"}],"curies":[{"name":"wp","href":"https:\/\/api.w.org\/{rel}","templated":true}]}}