{"id":3,"date":"2025-10-06T23:19:50","date_gmt":"2025-10-06T23:19:50","guid":{"rendered":"https:\/\/isla.salon\/?page_id=3"},"modified":"2025-11-01T18:01:00","modified_gmt":"2025-11-01T18:01:00","slug":"politica-de-privacidad","status":"publish","type":"page","link":"https:\/\/isla.salon\/en\/politica-de-privacidad\/","title":{"rendered":"Privacy Policy"},"content":{"rendered":"\n<div class=\"wp-block-stackable-columns alignfull stk-block-columns stk-block stk-51b2b12 stk-block-background stk--has-background-overlay\" data-block-id=\"51b2b12\"><style>.stk-51b2b12 .stk--block-align-51b2b12{align-items:center !important;}.stk-51b2b12 {background-color:var(--theme-palette-color-3, #826443) !important;background-image:url(https:\/\/isla.salon\/wp-content\/uploads\/2025\/10\/6.webp) !important;background-attachment:fixed !important;background-position:center center !important;background-repeat:no-repeat !important;background-size:cover !important;padding-top:200px !important;padding-bottom:100px !important;margin-top:-100px !important;margin-bottom:0px !important;}.stk-51b2b12:before{background-color:var(--theme-palette-color-3, #826443) !important;opacity:0.5 !important;}.stk-51b2b12-column{--stk-column-gap:35px !important;row-gap:35px !important;}@media screen and (max-width:999px){.stk-51b2b12 {padding-top:250px !important;padding-bottom:150px !important;}}@media screen and (max-width:689px){.stk-51b2b12 {padding-top:150px !important;padding-bottom:100px !important;}}<\/style><div class=\"stk-row stk-inner-blocks stk--block-align-51b2b12 stk-block-content stk-content-align stk-51b2b12-column\">\n<div class=\"wp-block-stackable-column stk-block-column stk-column stk-block stk-3a43e6b\" data-v=\"4\" data-block-id=\"3a43e6b\"><style>.stk-3a43e6b-container{margin-top:0px !important;margin-right:0px !important;margin-bottom:0px !important;margin-left:0px !important;}<\/style><div class=\"stk-column-wrapper stk-block-column__content stk-container stk-3a43e6b-container stk--no-background stk--no-padding\"><div class=\"has-text-align-center-mobile stk-block-content stk-inner-blocks stk-3a43e6b-inner-blocks\">\n<div class=\"wp-block-stackable-heading stk-block-heading stk-block-heading--v2 stk-block stk-7225c59\" id=\"politica-de-privacidad\" data-block-id=\"7225c59\"><style>.stk-7225c59 {margin-bottom:10px !important;}.stk-7225c59 .stk-block-heading__text{font-size:45px !important;color:var(--theme-palette-color-8, #ffffff) !important;line-height:1.3em !important;font-weight:800 !important;}@media screen and (max-width:999px){.stk-7225c59 .stk-block-heading__text{font-size:40px !important;}}@media screen and (max-width:689px){.stk-7225c59 .stk-block-heading__text{font-size:30px !important;}}<\/style><h1 class=\"stk-block-heading__text has-text-color has-text-align-center\">Pol\u00edtica de Privacidad<\/h1><\/div>\n<\/div><\/div><\/div>\n<\/div><\/div>\n\n\n\n<div class=\"wp-block-stackable-spacer stk-block-spacer stk--no-padding stk-block stk-00c8c59\" data-block-id=\"00c8c59\"><style>.stk-00c8c59 {height:100px !important;}<\/style><\/div>\n\n\n\n<p>La presente Pol\u00edtica de Privacidad describe nuestras pol\u00edticas y procedimientos sobre la recopilaci\u00f3n, uso y divulgaci\u00f3n de su informaci\u00f3n cuando utiliza nuestro Servicio, as\u00ed como sus derechos de privacidad y c\u00f3mo la ley lo protege.<\/p>\n\n\n\n<p>Usamos sus datos personales para proporcionar y mejorar el Servicio. Al utilizar el Servicio, usted acepta la recopilaci\u00f3n y el uso de informaci\u00f3n de acuerdo con esta Pol\u00edtica de Privacidad.<\/p>\n\n\n\n<h3 class=\"wp-block-heading\"><strong>Interpretaci\u00f3n y Definiciones<\/strong><\/h3>\n\n\n\n<h4 class=\"wp-block-heading\"><strong>Interpretaci\u00f3n<\/strong><\/h4>\n\n\n\n<p>Las palabras cuya inicial est\u00e1 en may\u00fascula tienen significados definidos en las siguientes condiciones. Las definiciones tendr\u00e1n el mismo significado independientemente de que aparezcan en singular o plural.<\/p>\n\n\n\n<h4 class=\"wp-block-heading\"><strong>Definiciones<\/strong><\/h4>\n\n\n\n<p>A los efectos de esta Pol\u00edtica de Privacidad:<\/p>\n\n\n\n<ul class=\"wp-block-list\">\n<li><strong>Cuenta:<\/strong> significa una cuenta \u00fanica creada para que usted acceda a nuestro Servicio o a partes del mismo.<\/li>\n\n\n\n<li><strong>Afiliado:<\/strong> significa una entidad que controla, es controlada por, o est\u00e1 bajo control com\u00fan con otra parte.<\/li>\n\n\n\n<li><strong>Compa\u00f1\u00eda<\/strong> (denominada en este documento como \u201cla Compa\u00f1\u00eda\u201d, \u201cNosotros\u201d, \u201cNuestro\u201d o \u201cNos\u201d) se refiere a <strong>Isla Salon<\/strong>, operando bajo el dominio <a href=\"https:\/\/www.isla.salon\">https:\/\/www.isla.salon<\/a>.<\/li>\n\n\n\n<li><strong>Cookies:<\/strong> son peque\u00f1os archivos que un sitio web coloca en su dispositivo y que contienen detalles sobre su historial de navegaci\u00f3n y preferencias.<\/li>\n\n\n\n<li><strong>Pa\u00eds:<\/strong> se refiere a [indicar pa\u00eds: Espa\u00f1a \/ M\u00e9xico \/ Estados Unidos, etc.].<\/li>\n\n\n\n<li><strong>Dispositivo:<\/strong> cualquier equipo que pueda acceder al Servicio, como una computadora, tel\u00e9fono m\u00f3vil o tableta.<\/li>\n\n\n\n<li><strong>Datos Personales:<\/strong> cualquier informaci\u00f3n relacionada con una persona f\u00edsica identificada o identificable.<\/li>\n\n\n\n<li><strong>Servicio:<\/strong> se refiere al sitio web operado por Isla Salon.<\/li>\n\n\n\n<li><strong>Proveedor de Servicios:<\/strong> cualquier persona f\u00edsica o jur\u00eddica que procese los datos por cuenta de la Compa\u00f1\u00eda.<\/li>\n\n\n\n<li><strong>Servicios de Redes Sociales de Terceros:<\/strong> se refiere a cualquier sitio o red social mediante la cual un usuario puede iniciar sesi\u00f3n o crear una cuenta para usar el Servicio.<\/li>\n\n\n\n<li><strong>Datos de Uso:<\/strong> informaci\u00f3n recopilada autom\u00e1ticamente generada por el uso del Servicio o su infraestructura.<\/li>\n\n\n\n<li><strong>Sitio Web:<\/strong> se refiere a <strong>Isla Salon<\/strong>, accesible desde <a href=\"https:\/\/www.isla.salon\">https:\/\/www.isla.salon<\/a>.<\/li>\n\n\n\n<li><strong>Usted:<\/strong> la persona f\u00edsica que accede o utiliza el Servicio, o la empresa u otra entidad legal en nombre de la cual dicha persona accede o utiliza el Servicio.<\/li>\n<\/ul>\n\n\n\n<h3 class=\"wp-block-heading\"><strong>Recopilaci\u00f3n y Uso de sus Datos Personales<\/strong><\/h3>\n\n\n\n<h4 class=\"wp-block-heading\"><strong>Tipos de datos recopilados<\/strong><\/h4>\n\n\n\n<p><strong>Datos personales<\/strong><br>Mientras utiliza nuestro Servicio, podemos solicitarle que nos proporcione cierta informaci\u00f3n de identificaci\u00f3n personal que puede ser utilizada para contactarlo o identificarlo. Esto puede incluir, entre otros:<\/p>\n\n\n\n<ul class=\"wp-block-list\">\n<li>Direcci\u00f3n de correo electr\u00f3nico<\/li>\n\n\n\n<li>Nombre y apellidos<\/li>\n\n\n\n<li>N\u00famero de tel\u00e9fono<\/li>\n\n\n\n<li>Direcci\u00f3n, Estado, Provincia, C\u00f3digo Postal, Ciudad<\/li>\n\n\n\n<li>Datos de uso<\/li>\n<\/ul>\n\n\n\n<p><strong>Datos de uso<\/strong><br>Se recopilan autom\u00e1ticamente al utilizar el Servicio e incluyen informaci\u00f3n como la direcci\u00f3n IP, tipo y versi\u00f3n del navegador, p\u00e1ginas visitadas, fecha y hora de acceso, tiempo en cada p\u00e1gina y otros datos de diagn\u00f3stico.<\/p>\n\n\n\n<p>Cuando accede al Servicio a trav\u00e9s de un dispositivo m\u00f3vil, tambi\u00e9n podemos recopilar datos sobre el modelo del dispositivo, su sistema operativo, identificadores \u00fanicos y tipo de navegador m\u00f3vil.<\/p>\n\n\n\n<h3 class=\"wp-block-heading\"><strong>Informaci\u00f3n proveniente de redes sociales de terceros<\/strong><\/h3>\n\n\n\n<p>Podemos permitirle crear una cuenta o iniciar sesi\u00f3n mediante servicios de terceros como Google, Facebook, Instagram, Twitter o LinkedIn.<br>Si elige hacerlo, podremos recopilar la informaci\u00f3n asociada a dicha cuenta (nombre, correo electr\u00f3nico, lista de contactos, etc.) y utilizarla de acuerdo con esta Pol\u00edtica de Privacidad.<\/p>\n\n\n\n<h3 class=\"wp-block-heading\"><strong>Tecnolog\u00edas de seguimiento y cookies<\/strong><\/h3>\n\n\n\n<p>Utilizamos cookies y tecnolog\u00edas similares para rastrear la actividad en nuestro Servicio y almacenar cierta informaci\u00f3n.<br>Puede configurar su navegador para rechazar todas las cookies o para indicar cu\u00e1ndo se env\u00eda una. Sin embargo, si las rechaza, es posible que algunas partes del Servicio no funcionen correctamente.<\/p>\n\n\n\n<p>Para m\u00e1s informaci\u00f3n, consulte nuestra <strong>Pol\u00edtica de Cookies<\/strong> o la secci\u00f3n de cookies de esta Pol\u00edtica de Privacidad.<\/p>\n\n\n\n<h3 class=\"wp-block-heading\"><strong>Uso de sus Datos Personales<\/strong><\/h3>\n\n\n\n<p>La Compa\u00f1\u00eda puede utilizar sus datos personales para los siguientes fines:<\/p>\n\n\n\n<ul class=\"wp-block-list\">\n<li><strong>Proveer y mantener el Servicio<\/strong>, incluido el monitoreo de su uso.<\/li>\n\n\n\n<li><strong>Gestionar su cuenta<\/strong> como usuario registrado.<\/li>\n\n\n\n<li><strong>Cumplir un contrato<\/strong> de prestaci\u00f3n de servicios o compra.<\/li>\n\n\n\n<li><strong>Contactarlo<\/strong> mediante correo electr\u00f3nico, llamadas o notificaciones sobre actualizaciones o informaci\u00f3n relevante.<\/li>\n\n\n\n<li><strong>Enviar noticias, ofertas o promociones<\/strong> sobre productos o servicios similares, salvo que usted se oponga.<\/li>\n\n\n\n<li><strong>Atender y gestionar sus solicitudes<\/strong> o consultas.<\/li>\n\n\n\n<li><strong>An\u00e1lisis y mejora del Servicio<\/strong>, productos y experiencia del usuario.<\/li>\n\n\n\n<li><strong>Cumplimiento legal o transferencia empresarial<\/strong>, si la Compa\u00f1\u00eda se fusiona, vende o transfiere activos.<\/li>\n<\/ul>\n\n\n\n<h3 class=\"wp-block-heading\"><strong>Conservaci\u00f3n de sus Datos Personales<\/strong><\/h3>\n\n\n\n<p>Conservaremos sus datos personales solo durante el tiempo necesario para cumplir los fines descritos en esta Pol\u00edtica, y seg\u00fan lo exija la ley.<br>Los datos de uso pueden conservarse durante un per\u00edodo m\u00e1s corto, salvo cuando se necesiten para reforzar la seguridad o mejorar el funcionamiento del Servicio.<\/p>\n\n\n\n<h3 class=\"wp-block-heading\"><strong>Transferencia de sus Datos Personales<\/strong><\/h3>\n\n\n\n<p>Su informaci\u00f3n puede procesarse en ubicaciones donde operen las partes involucradas en el tratamiento.<br>Al proporcionar su informaci\u00f3n, usted acepta dicha transferencia, asegurando que se apliquen las medidas de seguridad adecuadas.<\/p>\n\n\n\n<h3 class=\"wp-block-heading\"><strong>Eliminaci\u00f3n de sus Datos Personales<\/strong><\/h3>\n\n\n\n<p>Usted tiene derecho a solicitar la eliminaci\u00f3n de sus datos personales.<br>Puede hacerlo contact\u00e1ndonos o, si dispone de una cuenta, desde la configuraci\u00f3n de la misma.<br>Tenga en cuenta que podemos conservar ciertos datos cuando sea necesario por obligaci\u00f3n legal.<\/p>\n\n\n\n<h3 class=\"wp-block-heading\"><strong>Divulgaci\u00f3n de sus Datos Personales<\/strong><\/h3>\n\n\n\n<p>Podremos divulgar sus datos personales en los siguientes casos:<\/p>\n\n\n\n<ul class=\"wp-block-list\">\n<li>Para <strong>cumplir obligaciones legales<\/strong>.<\/li>\n\n\n\n<li>Para <strong>proteger los derechos o propiedad<\/strong> de la Compa\u00f1\u00eda.<\/li>\n\n\n\n<li>Para <strong>prevenir o investigar<\/strong> posibles infracciones relacionadas con el Servicio.<\/li>\n\n\n\n<li>Para <strong>proteger la seguridad<\/strong> de los usuarios o del p\u00fablico.<\/li>\n\n\n\n<li>En caso de <strong>fusi\u00f3n, adquisici\u00f3n o venta de activos<\/strong>.<\/li>\n<\/ul>\n\n\n\n<h3 class=\"wp-block-heading\"><strong>Seguridad de sus Datos Personales<\/strong><\/h3>\n\n\n\n<p>La seguridad de sus datos personales es importante para nosotros.<br>Si bien empleamos medidas razonables para proteger su informaci\u00f3n, ninguna transmisi\u00f3n por Internet o almacenamiento electr\u00f3nico es completamente segura.<\/p>\n\n\n\n<h3 class=\"wp-block-heading\"><strong>Privacidad de menores<\/strong><\/h3>\n\n\n\n<p>Nuestro Servicio no est\u00e1 dirigido a personas menores de 13 a\u00f1os.<br>No recopilamos conscientemente informaci\u00f3n personal de menores. Si usted es padre, madre o tutor y sabe que su hijo nos ha proporcionado datos personales, por favor cont\u00e1ctenos para eliminarlos.<\/p>\n\n\n\n<h3 class=\"wp-block-heading\"><strong>Enlaces a otros sitios web<\/strong><\/h3>\n\n\n\n<p>Nuestro Servicio puede contener enlaces a sitios externos que no son operados por nosotros.<br>No somos responsables de sus pol\u00edticas o pr\u00e1cticas de privacidad. Le recomendamos revisar la Pol\u00edtica de Privacidad de cada sitio que visite.<\/p>\n\n\n\n<h3 class=\"wp-block-heading\"><strong>Cambios en esta Pol\u00edtica de Privacidad<\/strong><\/h3>\n\n\n\n<p>Podemos actualizar esta Pol\u00edtica de Privacidad peri\u00f3dicamente.<br>Las modificaciones se publicar\u00e1n en esta p\u00e1gina, y la fecha de \u201c\u00daltima actualizaci\u00f3n\u201d se actualizar\u00e1 en consecuencia.<\/p>\n\n\n\n<p>Le recomendamos revisar esta Pol\u00edtica de Privacidad regularmente para mantenerse informado sobre cualquier cambio.<\/p>\n\n\n\n<h3 class=\"wp-block-heading\"><strong>Contacto<\/strong><\/h3>\n\n\n\n<p>Si tiene alguna pregunta sobre esta Pol\u00edtica de Privacidad, puede contactarnos a trav\u00e9s de:<\/p>\n\n\n\n<ul class=\"wp-block-list\">\n<li>Nuestro sitio web: <a>https:\/\/www.isla.salon\/contact<\/a><\/li>\n\n\n\n<li>Correo electr\u00f3nico: <strong><a>info@isla.salon<\/a><\/strong><\/li>\n<\/ul>\n","protected":false},"excerpt":{"rendered":"<p>Pol\u00edtica de Privacidad La presente Pol\u00edtica de Privacidad describe nuestras pol\u00edticas y procedimientos sobre la recopilaci\u00f3n, uso y divulgaci\u00f3n de su informaci\u00f3n cuando utiliza nuestro Servicio, as\u00ed como sus derechos de privacidad y c\u00f3mo la ley lo protege. Usamos sus datos personales para proporcionar y mejorar el Servicio. Al utilizar el Servicio, usted acepta la [&hellip;]<\/p>\n","protected":false},"author":2,"featured_media":0,"parent":0,"menu_order":0,"comment_status":"closed","ping_status":"open","template":"","meta":{"footnotes":""},"class_list":["post-3","page","type-page","status-publish","hentry"],"blocksy_meta":{"has_hero_section":"disabled","styles_descriptor":{"styles":{"desktop":"","tablet":"","mobile":""},"google_fonts":[],"version":6}},"yoast_head":"<!-- This site is optimized with the Yoast SEO plugin v27.0 - https:\/\/yoast.com\/product\/yoast-seo-wordpress\/ -->\n<title>Pol\u00edtica de Privacidad - ISLA Salon<\/title>\n<meta name=\"robots\" content=\"noindex, follow\" \/>\n<meta property=\"og:locale\" content=\"en_US\" \/>\n<meta property=\"og:type\" content=\"article\" \/>\n<meta property=\"og:title\" content=\"Pol\u00edtica de Privacidad - ISLA Salon\" \/>\n<meta property=\"og:description\" content=\"Pol\u00edtica de Privacidad La presente Pol\u00edtica de Privacidad describe nuestras pol\u00edticas y procedimientos sobre la recopilaci\u00f3n, uso y divulgaci\u00f3n de su informaci\u00f3n cuando utiliza nuestro Servicio, as\u00ed como sus derechos de privacidad y c\u00f3mo la ley lo protege. Usamos sus datos personales para proporcionar y mejorar el Servicio. Al utilizar el Servicio, usted acepta la [&hellip;]\" \/>\n<meta property=\"og:url\" content=\"https:\/\/isla.salon\/en\/politica-de-privacidad\/\" \/>\n<meta property=\"og:site_name\" content=\"ISLA Salon\" \/>\n<meta property=\"article:modified_time\" content=\"2025-11-01T18:01:00+00:00\" \/>\n<meta name=\"twitter:card\" content=\"summary_large_image\" \/>\n<meta name=\"twitter:label1\" content=\"Est. reading time\" \/>\n\t<meta name=\"twitter:data1\" content=\"5 minutes\" \/>\n<script type=\"application\/ld+json\" class=\"yoast-schema-graph\">{\"@context\":\"https:\/\/schema.org\",\"@graph\":[{\"@type\":\"WebPage\",\"@id\":\"https:\/\/isla.salon\/politica-de-privacidad\/\",\"url\":\"https:\/\/isla.salon\/politica-de-privacidad\/\",\"name\":\"Pol\u00edtica de Privacidad - ISLA Salon\",\"isPartOf\":{\"@id\":\"https:\/\/isla.salon\/#website\"},\"datePublished\":\"2025-10-06T23:19:50+00:00\",\"dateModified\":\"2025-11-01T18:01:00+00:00\",\"breadcrumb\":{\"@id\":\"https:\/\/isla.salon\/politica-de-privacidad\/#breadcrumb\"},\"inLanguage\":\"en-US\",\"potentialAction\":[{\"@type\":\"ReadAction\",\"target\":[\"https:\/\/isla.salon\/politica-de-privacidad\/\"]}]},{\"@type\":\"BreadcrumbList\",\"@id\":\"https:\/\/isla.salon\/politica-de-privacidad\/#breadcrumb\",\"itemListElement\":[{\"@type\":\"ListItem\",\"position\":1,\"name\":\"Home\",\"item\":\"https:\/\/isla.salon\/\"},{\"@type\":\"ListItem\",\"position\":2,\"name\":\"Pol\u00edtica de Privacidad\"}]},{\"@type\":\"WebSite\",\"@id\":\"https:\/\/isla.salon\/#website\",\"url\":\"https:\/\/isla.salon\/\",\"name\":\"ISLA Salon\",\"description\":\"Isabella Ladera Beauty Salon\",\"publisher\":{\"@id\":\"https:\/\/isla.salon\/#organization\"},\"potentialAction\":[{\"@type\":\"SearchAction\",\"target\":{\"@type\":\"EntryPoint\",\"urlTemplate\":\"https:\/\/isla.salon\/?s={search_term_string}\"},\"query-input\":{\"@type\":\"PropertyValueSpecification\",\"valueRequired\":true,\"valueName\":\"search_term_string\"}}],\"inLanguage\":\"en-US\"},{\"@type\":\"Organization\",\"@id\":\"https:\/\/isla.salon\/#organization\",\"name\":\"ISLA Salon\",\"url\":\"https:\/\/isla.salon\/\",\"logo\":{\"@type\":\"ImageObject\",\"inLanguage\":\"en-US\",\"@id\":\"https:\/\/isla.salon\/#\/schema\/logo\/image\/\",\"url\":\"https:\/\/isla.salon\/wp-content\/uploads\/2025\/10\/Logotipo4.png\",\"contentUrl\":\"https:\/\/isla.salon\/wp-content\/uploads\/2025\/10\/Logotipo4.png\",\"width\":1907,\"height\":454,\"caption\":\"ISLA Salon\"},\"image\":{\"@id\":\"https:\/\/isla.salon\/#\/schema\/logo\/image\/\"}}]}<\/script>\n<!-- \/ Yoast SEO plugin. -->","yoast_head_json":{"title":"Pol\u00edtica de Privacidad - ISLA Salon","robots":{"index":"noindex","follow":"follow"},"og_locale":"en_US","og_type":"article","og_title":"Pol\u00edtica de Privacidad - ISLA Salon","og_description":"Pol\u00edtica de Privacidad La presente Pol\u00edtica de Privacidad describe nuestras pol\u00edticas y procedimientos sobre la recopilaci\u00f3n, uso y divulgaci\u00f3n de su informaci\u00f3n cuando utiliza nuestro Servicio, as\u00ed como sus derechos de privacidad y c\u00f3mo la ley lo protege. Usamos sus datos personales para proporcionar y mejorar el Servicio. Al utilizar el Servicio, usted acepta la [&hellip;]","og_url":"https:\/\/isla.salon\/en\/politica-de-privacidad\/","og_site_name":"ISLA Salon","article_modified_time":"2025-11-01T18:01:00+00:00","twitter_card":"summary_large_image","twitter_misc":{"Est. reading time":"5 minutes"},"schema":{"@context":"https:\/\/schema.org","@graph":[{"@type":"WebPage","@id":"https:\/\/isla.salon\/politica-de-privacidad\/","url":"https:\/\/isla.salon\/politica-de-privacidad\/","name":"Pol\u00edtica de Privacidad - ISLA Salon","isPartOf":{"@id":"https:\/\/isla.salon\/#website"},"datePublished":"2025-10-06T23:19:50+00:00","dateModified":"2025-11-01T18:01:00+00:00","breadcrumb":{"@id":"https:\/\/isla.salon\/politica-de-privacidad\/#breadcrumb"},"inLanguage":"en-US","potentialAction":[{"@type":"ReadAction","target":["https:\/\/isla.salon\/politica-de-privacidad\/"]}]},{"@type":"BreadcrumbList","@id":"https:\/\/isla.salon\/politica-de-privacidad\/#breadcrumb","itemListElement":[{"@type":"ListItem","position":1,"name":"Home","item":"https:\/\/isla.salon\/"},{"@type":"ListItem","position":2,"name":"Pol\u00edtica de Privacidad"}]},{"@type":"WebSite","@id":"https:\/\/isla.salon\/#website","url":"https:\/\/isla.salon\/","name":"ISLA Salon","description":"Isabella Ladera Beauty Salon","publisher":{"@id":"https:\/\/isla.salon\/#organization"},"potentialAction":[{"@type":"SearchAction","target":{"@type":"EntryPoint","urlTemplate":"https:\/\/isla.salon\/?s={search_term_string}"},"query-input":{"@type":"PropertyValueSpecification","valueRequired":true,"valueName":"search_term_string"}}],"inLanguage":"en-US"},{"@type":"Organization","@id":"https:\/\/isla.salon\/#organization","name":"ISLA Salon","url":"https:\/\/isla.salon\/","logo":{"@type":"ImageObject","inLanguage":"en-US","@id":"https:\/\/isla.salon\/#\/schema\/logo\/image\/","url":"https:\/\/isla.salon\/wp-content\/uploads\/2025\/10\/Logotipo4.png","contentUrl":"https:\/\/isla.salon\/wp-content\/uploads\/2025\/10\/Logotipo4.png","width":1907,"height":454,"caption":"ISLA Salon"},"image":{"@id":"https:\/\/isla.salon\/#\/schema\/logo\/image\/"}}]}},"_links":{"self":[{"href":"https:\/\/isla.salon\/en\/wp-json\/wp\/v2\/pages\/3","targetHints":{"allow":["GET"]}}],"collection":[{"href":"https:\/\/isla.salon\/en\/wp-json\/wp\/v2\/pages"}],"about":[{"href":"https:\/\/isla.salon\/en\/wp-json\/wp\/v2\/types\/page"}],"author":[{"embeddable":true,"href":"https:\/\/isla.salon\/en\/wp-json\/wp\/v2\/users\/2"}],"replies":[{"embeddable":true,"href":"https:\/\/isla.salon\/en\/wp-json\/wp\/v2\/comments?post=3"}],"version-history":[{"count":9,"href":"https:\/\/isla.salon\/en\/wp-json\/wp\/v2\/pages\/3\/revisions"}],"predecessor-version":[{"id":1234,"href":"https:\/\/isla.salon\/en\/wp-json\/wp\/v2\/pages\/3\/revisions\/1234"}],"wp:attachment":[{"href":"https:\/\/isla.salon\/en\/wp-json\/wp\/v2\/media?parent=3"}],"curies":[{"name":"wp","href":"https:\/\/api.w.org\/{rel}","templated":true}]}}